{"id":450,"date":"2024-05-20T13:45:07","date_gmt":"2024-05-20T13:45:07","guid":{"rendered":"http:\/\/de.sezam24.com\/?page_id=450"},"modified":"2025-03-10T12:31:46","modified_gmt":"2025-03-10T12:31:46","slug":"hotel-automation-giode","status":"publish","type":"page","link":"https:\/\/de.sezam24.com\/?page_id=450","title":{"rendered":"Selbstbedienungs-Rezeption Leitfaden"},"content":{"rendered":"<p>[et_pb_section fb_built=&#8221;1&#8243; admin_label=&#8221;Header&#8221; _builder_version=&#8221;4.16&#8243; _module_preset=&#8221;default&#8221; background_enable_color=&#8221;off&#8221; background_color_gradient_direction=&#8221;90deg&#8221; background_image=&#8221;https:\/\/de.sezam24.com\/wp-content\/uploads\/2024\/05\/AI-background_03.png&#8221; custom_padding=&#8221;||10vw||false|false&#8221; locked=&#8221;off&#8221; global_colors_info=&#8221;{}&#8221;][et_pb_row _builder_version=&#8221;4.16&#8243; _module_preset=&#8221;default&#8221; global_colors_info=&#8221;{}&#8221;][et_pb_column type=&#8221;4_4&#8243; _builder_version=&#8221;4.16&#8243; _module_preset=&#8221;default&#8221; global_colors_info=&#8221;{}&#8221;][et_pb_text _builder_version=&#8221;4.26.0&#8243; _module_preset=&#8221;534cc526-6274-4e31-9e1a-7f18a5947bf1&#8243; header_4_font=&#8221;Archivo|600||on|||||&#8221; header_4_text_align=&#8221;center&#8221; header_4_text_color=&#8221;#DB0EB7&#8243; header_4_font_size=&#8221;13px&#8221; header_4_letter_spacing=&#8221;1px&#8221; header_4_line_height=&#8221;1.5em&#8221; custom_margin=&#8221;||0px||false|false&#8221; header_4_font_size_tablet=&#8221;&#8221; header_4_font_size_phone=&#8221;&#8221; header_4_font_size_last_edited=&#8221;on|desktop&#8221; locked=&#8221;off&#8221; global_colors_info=&#8221;{}&#8221;]<\/p>\n<h4>Selbstbedienungs-Rezeption Leitfaden<\/h4>\n<p>[\/et_pb_text][et_pb_text _builder_version=&#8221;4.26.0&#8243; _module_preset=&#8221;c4ce2210-b1ce-439b-84ed-0d48741a8fdf&#8221; header_font=&#8221;Barlow Condensed|500|||||||&#8221; header_text_align=&#8221;center&#8221; header_text_color=&#8221;#000000&#8243; header_font_size=&#8221;80px&#8221; header_line_height=&#8221;1.1em&#8221; max_width=&#8221;700px&#8221; module_alignment=&#8221;center&#8221; custom_margin=&#8221;||0px||false|false&#8221; header_font_size_tablet=&#8221;42px&#8221; header_font_size_phone=&#8221;26px&#8221; header_font_size_last_edited=&#8221;on|tablet&#8221; locked=&#8221;off&#8221; global_colors_info=&#8221;{}&#8221;]<\/p>\n<h1>Der Leitfaden zur Hotelautomatisierung<\/h1>\n<p>[\/et_pb_text][\/et_pb_column][\/et_pb_row][et_pb_row _builder_version=&#8221;4.25.1&#8243; _module_preset=&#8221;default&#8221; global_colors_info=&#8221;{}&#8221;][et_pb_column type=&#8221;4_4&#8243; _builder_version=&#8221;4.25.1&#8243; _module_preset=&#8221;default&#8221; global_colors_info=&#8221;{}&#8221;][et_pb_text _builder_version=&#8221;4.26.0&#8243; _module_preset=&#8221;default&#8221; global_colors_info=&#8221;{}&#8221;]<\/p>\n<h2>Verbesserte G\u00e4steerfahrung<\/h2>\n<p>Der Sezam24-Check-in-Kiosk erm\u00f6glicht es G\u00e4sten, die traditionellen Warteschlangen an der Rezeption zu umgehen und bietet eine schnelle und bequeme Selbstbedienungsoption. Mit intuitiven Touchscreen-Oberfl\u00e4chen k\u00f6nnen G\u00e4ste den Check-in- und Check-out-Prozess m\u00fchelos abschlie\u00dfen. Dies verbessert nicht nur die Zufriedenheit der G\u00e4ste, sondern gibt ihnen auch mehr Kontrolle \u00fcber ihren Aufenthalt.<\/p>\n<h2>Betriebliche Effizienz<\/h2>\n<p>Durch die Automatisierung routinem\u00e4\u00dfiger Aufgaben erm\u00f6glicht Sezam24 Ihrem Personal, sich auf die Bereitstellung personalisierter Dienstleistungen anstatt auf administrative Aufgaben zu konzentrieren. Der Kiosk \u00fcbernimmt Zimmerzuweisungen, die Ausgabe von Schl\u00fcsselkarten und die Zahlungsabwicklung, wodurch Genauigkeit gew\u00e4hrleistet und menschliche Fehler reduziert werden. Dies f\u00fchrt zu einer verbesserten betrieblichen Effizienz und Kosteneinsparungen f\u00fcr Ihr Hotel.<\/p>\n<h2>24\/7 Verf\u00fcgbarkeit<\/h2>\n<p>Eine der herausragenden Eigenschaften des Sezam24-Kiosks ist seine rund um die Uhr Verf\u00fcgbarkeit. G\u00e4ste, die sp\u00e4t in der Nacht oder w\u00e4hrend der Hauptzeiten ankommen, k\u00f6nnen ohne Verz\u00f6gerung auf ihre Zimmer zugreifen, was ein reibungsloses und einladendes Erlebnis zu jeder Zeit gew\u00e4hrleistet.<\/p>\n<h2>Datenintegration<\/h2>\n<p>Sezam24 integriert sich nahtlos in Ihr bestehendes Property Management System (PMS) und bietet eine Echtzeit-Daten-Synchronisierung. Dies stellt sicher, dass alle G\u00e4steinformationen genau erfasst und aktualisiert werden, was eine bessere Verwaltung und Berichterstattung erleichtert.<\/p>\n<p>Die Integration von Sezam24-Check-in-Kiosken in Ihren Hotelbetrieb ist ein strategischer Schritt zur Modernisierung Ihrer Dienstleistungen und zur Verbesserung der G\u00e4tezufriedenheit. Begr\u00fc\u00dfen Sie die Zukunft der Hotelautomatisierung mit Sezam24.<\/p>\n<p>[\/et_pb_text][\/et_pb_column][\/et_pb_row][\/et_pb_section][et_pb_section fb_built=&#8221;1&#8243; admin_label=&#8221;Map&#8221; _builder_version=&#8221;4.16&#8243; _module_preset=&#8221;default&#8221; locked=&#8221;off&#8221; global_colors_info=&#8221;{}&#8221;][et_pb_row _builder_version=&#8221;4.16&#8243; _module_preset=&#8221;default&#8221; custom_margin=&#8221;-12vw||||false|false&#8221; global_colors_info=&#8221;{}&#8221;][et_pb_column type=&#8221;4_4&#8243; _builder_version=&#8221;4.16&#8243; _module_preset=&#8221;default&#8221; global_colors_info=&#8221;{}&#8221;][et_pb_signup provider=&#8221;mailerlite&#8221; mailerlite_list=&#8221;S24|148488053520860479&#8243; use_custom_fields=&#8221;on&#8221; button_text=&#8221;Senden&#8221; description=&#8221;<\/p>\n<p><span id=%22hs_cos_wrapper_flexible_column%22 class=%22hs_cos_wrapper hs_cos_wrapper_widget_container hs_cos_wrapper_type_widget_container%22 data-hs-cos-general-type=%22widget_container%22 data-hs-cos-type=%22widget_container%22><span id=%22hs_cos_wrapper_widget_1706526805250_%22 class=%22hs_cos_wrapper hs_cos_wrapper_widget hs_cos_wrapper_type_form%22 data-hs-cos-general-type=%22widget%22 data-hs-cos-type=%22form%22>Sie werden von uns eine E-Mail mit einem Leitfaden erhalten. Wir m\u00f6chten Ihnen Informationen zu weiteren Sezam24-Produkten zusenden.<\/span><\/span><\/p>\n<p>&#8221; _builder_version=&#8221;4.26.0&#8243; _module_preset=&#8221;default&#8221; background_image=&#8221;https:\/\/de.sezam24.com\/wp-content\/uploads\/2024\/05\/Group-136.png&#8221; min_height=&#8221;450px&#8221; custom_margin=&#8221;||72px|||&#8221; hover_enabled=&#8221;0&#8243; global_colors_info=&#8221;{}&#8221; sticky_enabled=&#8221;0&#8243;][et_pb_signup_custom_field field_id=&#8221;company&#8221; field_title=&#8221;Hotel&#8221; field_type=&#8221;input&#8221; min_length=&#8221;4&#8243; max_length=&#8221;36&#8243; _builder_version=&#8221;4.25.1&#8243; _module_preset=&#8221;default&#8221; global_colors_info=&#8221;{}&#8221; predefined_field=&#8221;company&#8221;][\/et_pb_signup_custom_field][et_pb_signup_custom_field field_id=&#8221;phone&#8221; field_title=&#8221;Phone&#8221; field_type=&#8221;input&#8221; min_length=&#8221;9&#8243; max_length=&#8221;14&#8243; allowed_symbols=&#8221;numbers&#8221; _builder_version=&#8221;4.25.1&#8243; _module_preset=&#8221;default&#8221; global_colors_info=&#8221;{}&#8221; predefined_field=&#8221;phone&#8221;][\/et_pb_signup_custom_field][\/et_pb_signup][\/et_pb_column][\/et_pb_row][\/et_pb_section][et_pb_section fb_built=&#8221;1&#8243; admin_label=&#8221;Footer&#8221; _builder_version=&#8221;4.16&#8243; _module_preset=&#8221;default&#8221; background_color=&#8221;#01012C&#8221; global_colors_info=&#8221;{}&#8221;][et_pb_row column_structure=&#8221;1_2,1_4,1_4&#8243; _builder_version=&#8221;4.16&#8243; _module_preset=&#8221;default&#8221; global_colors_info=&#8221;{}&#8221;][et_pb_column type=&#8221;1_2&#8243; _builder_version=&#8221;4.16&#8243; _module_preset=&#8221;default&#8221; global_colors_info=&#8221;{}&#8221;][et_pb_image src=&#8221;https:\/\/de.sezam24.com\/wp-content\/uploads\/2024\/05\/s24logo_w_s.png&#8221; title_text=&#8221;s24logo_w_s&#8221; _builder_version=&#8221;4.25.0&#8243; _module_preset=&#8221;default&#8221; custom_margin=&#8221;||0px||false|false&#8221; global_colors_info=&#8221;{}&#8221;][\/et_pb_image][et_pb_text _builder_version=&#8221;4.25.0&#8243; _module_preset=&#8221;5ff55506-da7d-4dd7-b409-9d62c7203201&#8243; text_font=&#8221;Archivo||||||||&#8221; text_text_color=&#8221;rgba(255,255,255,0.5)&#8221; text_font_size=&#8221;16px&#8221; text_line_height=&#8221;1.8em&#8221; text_font_size_tablet=&#8221;15px&#8221; text_font_size_phone=&#8221;14px&#8221; text_font_size_last_edited=&#8221;on|phone&#8221; header_font_size_tablet=&#8221;55px&#8221; header_font_size_last_edited=&#8221;off|desktop&#8221; global_colors_info=&#8221;{}&#8221;]<\/p>\n<p>#1 Hotelier Choice<\/p>\n<p>[\/et_pb_text][\/et_pb_column][et_pb_column type=&#8221;1_4&#8243; _builder_version=&#8221;4.16&#8243; _module_preset=&#8221;default&#8221; global_colors_info=&#8221;{}&#8221;][et_pb_text _builder_version=&#8221;4.16&#8243; _module_preset=&#8221;534cc526-6274-4e31-9e1a-7f18a5947bf1&#8243; header_4_font=&#8221;Archivo|600||on|||||&#8221; header_4_text_color=&#8221;rgba(255,255,255,0.58)&#8221; header_4_font_size=&#8221;13px&#8221; header_4_letter_spacing=&#8221;1px&#8221; header_4_line_height=&#8221;1.5em&#8221; custom_margin=&#8221;||0px||false|false&#8221; header_4_font_size_tablet=&#8221;&#8221; header_4_font_size_phone=&#8221;&#8221; header_4_font_size_last_edited=&#8221;on|desktop&#8221; global_colors_info=&#8221;{}&#8221;]<\/p>\n<h4>Company<\/h4>\n<p>[\/et_pb_text][et_pb_text _builder_version=&#8221;4.25.1&#8243; _module_preset=&#8221;5ff55506-da7d-4dd7-b409-9d62c7203201&#8243; text_font=&#8221;Archivo||||||||&#8221; text_text_color=&#8221;rgba(255,255,255,0.5)&#8221; text_font_size=&#8221;16px&#8221; text_line_height=&#8221;1.8em&#8221; link_text_color=&#8221;#FFFFFF&#8221; text_font_size_tablet=&#8221;15px&#8221; text_font_size_phone=&#8221;14px&#8221; text_font_size_last_edited=&#8221;on|phone&#8221; header_font_size_tablet=&#8221;55px&#8221; header_font_size_last_edited=&#8221;off|desktop&#8221; locked=&#8221;off&#8221; global_colors_info=&#8221;{}&#8221; link_text_color__hover_enabled=&#8221;on|desktop&#8221; link_text_color__hover=&#8221;#3C5BFF&#8221;]<\/p>\n<p>Sezam24 Corp.<\/p>\n<p>230 Central Park West<br \/>Suite 1C\/D<br \/>New York, NY<br \/>10024<\/p>\n<p>[\/et_pb_text][\/et_pb_column][et_pb_column type=&#8221;1_4&#8243; _builder_version=&#8221;4.16&#8243; _module_preset=&#8221;default&#8221; global_colors_info=&#8221;{}&#8221;][et_pb_text _builder_version=&#8221;4.16&#8243; _module_preset=&#8221;534cc526-6274-4e31-9e1a-7f18a5947bf1&#8243; header_4_font=&#8221;Archivo|600||on|||||&#8221; header_4_text_color=&#8221;rgba(255,255,255,0.58)&#8221; header_4_font_size=&#8221;13px&#8221; header_4_letter_spacing=&#8221;1px&#8221; header_4_line_height=&#8221;1.5em&#8221; custom_margin=&#8221;||0px||false|false&#8221; header_4_font_size_tablet=&#8221;&#8221; header_4_font_size_phone=&#8221;&#8221; header_4_font_size_last_edited=&#8221;on|desktop&#8221; locked=&#8221;off&#8221; global_colors_info=&#8221;{}&#8221;]<\/p>\n<h4>Contact<\/h4>\n<p>[\/et_pb_text][et_pb_text _builder_version=&#8221;4.25.0&#8243; _module_preset=&#8221;5ff55506-da7d-4dd7-b409-9d62c7203201&#8243; text_font=&#8221;Archivo||||||||&#8221; text_text_color=&#8221;#FFFFFF&#8221; text_font_size=&#8221;16px&#8221; text_line_height=&#8221;1.8em&#8221; link_text_color=&#8221;#FFFFFF&#8221; text_font_size_tablet=&#8221;15px&#8221; text_font_size_phone=&#8221;14px&#8221; text_font_size_last_edited=&#8221;on|phone&#8221; header_font_size_tablet=&#8221;55px&#8221; header_font_size_last_edited=&#8221;off|desktop&#8221; locked=&#8221;off&#8221; global_colors_info=&#8221;{}&#8221; link_text_color__hover_enabled=&#8221;on|desktop&#8221; link_text_color__hover=&#8221;#3C5BFF&#8221;]<\/p>\n<p><a href=\"mailto:info@sezam24.org\">info@sezam24.org<\/a><\/p>\n<p>US: +1 347-814-1017<br \/>UK: +44 20 3318-5807<br \/>Tech. support hotline:<br \/>+420 212-241-990<\/p>\n<p>&nbsp;<\/p>\n<p>[\/et_pb_text][\/et_pb_column][\/et_pb_row][\/et_pb_section]<\/p>\n","protected":false},"excerpt":{"rendered":"<p>Selbstbedienungs-Rezeption LeitfadenDer Leitfaden zur HotelautomatisierungVerbesserte G\u00e4steerfahrung Der Sezam24-Check-in-Kiosk erm\u00f6glicht es G\u00e4sten, die traditionellen Warteschlangen an der Rezeption zu umgehen und bietet eine schnelle und bequeme Selbstbedienungsoption. Mit intuitiven Touchscreen-Oberfl\u00e4chen k\u00f6nnen G\u00e4ste den Check-in- und Check-out-Prozess m\u00fchelos abschlie\u00dfen. Dies verbessert nicht nur die Zufriedenheit der G\u00e4ste, sondern gibt ihnen auch mehr Kontrolle \u00fcber ihren Aufenthalt. Betriebliche [&hellip;]<\/p>\n","protected":false},"author":1,"featured_media":0,"parent":0,"menu_order":0,"comment_status":"closed","ping_status":"closed","template":"","meta":{"_et_pb_use_builder":"on","_et_pb_old_content":"","_et_gb_content_width":"","om_disable_all_campaigns":false,"footnotes":""},"class_list":["post-450","page","type-page","status-publish","hentry"],"aioseo_notices":[],"_links":{"self":[{"href":"https:\/\/de.sezam24.com\/index.php?rest_route=\/wp\/v2\/pages\/450","targetHints":{"allow":["GET"]}}],"collection":[{"href":"https:\/\/de.sezam24.com\/index.php?rest_route=\/wp\/v2\/pages"}],"about":[{"href":"https:\/\/de.sezam24.com\/index.php?rest_route=\/wp\/v2\/types\/page"}],"author":[{"embeddable":true,"href":"https:\/\/de.sezam24.com\/index.php?rest_route=\/wp\/v2\/users\/1"}],"replies":[{"embeddable":true,"href":"https:\/\/de.sezam24.com\/index.php?rest_route=%2Fwp%2Fv2%2Fcomments&post=450"}],"version-history":[{"count":11,"href":"https:\/\/de.sezam24.com\/index.php?rest_route=\/wp\/v2\/pages\/450\/revisions"}],"predecessor-version":[{"id":927,"href":"https:\/\/de.sezam24.com\/index.php?rest_route=\/wp\/v2\/pages\/450\/revisions\/927"}],"wp:attachment":[{"href":"https:\/\/de.sezam24.com\/index.php?rest_route=%2Fwp%2Fv2%2Fmedia&parent=450"}],"curies":[{"name":"wp","href":"https:\/\/api.w.org\/{rel}","templated":true}]}}